{"id":3285,"date":"2022-03-17T11:01:35","date_gmt":"2022-03-17T10:01:35","guid":{"rendered":"http:\/\/vrnjackabanja.co.rs\/pesacke-staze\/"},"modified":"2022-07-26T13:28:18","modified_gmt":"2022-07-26T11:28:18","slug":"wanderwegen","status":"publish","type":"page","link":"https:\/\/vrnjackabanja.co.rs\/de\/wanderwegen\/","title":{"rendered":"Wanderwege"},"content":{"rendered":"\n<p><\/p>\n\n\n\n<p>Auf dem Berg Go\u010d sind 30 Wanderwege ausgeschildert. Naturliebhaber haben die M\u00f6glichkeit, Go\u010d auf eine neue und noch einfachere Weise zu erleben.<\/p>\n\n\n\n<p><\/p>\n\n\n\n<h2 class=\"wp-block-heading\"><strong>1. Gipfel Krst (Kreuz) &#8211; L\u00e4nge: 1.35 km<\/strong><\/h2>\n\n\n\n<p>H\u00f6hengewinn (elevation gain): 102.3 m<\/p>\n\n\n\n<p>Ben\u00f6tigte Zeit f\u00fcr die Wanderung (ungef\u00e4hr f\u00fcr Erholungssuchende): 45 Minute-1 Stunde<\/p>\n\n\n\n<figure class=\"wp-block-image size-large\"><img loading=\"lazy\" decoding=\"async\" width=\"1024\" height=\"768\" src=\"http:\/\/vrnjackabanja.co.rs\/wp-content\/uploads\/2022\/07\/IMG_7239-1024x768.jpeg\" alt=\"\" class=\"wp-image-7164\" srcset=\"https:\/\/vrnjackabanja.co.rs\/wp-content\/uploads\/2022\/07\/IMG_7239-1024x768.jpeg 1024w, https:\/\/vrnjackabanja.co.rs\/wp-content\/uploads\/2022\/07\/IMG_7239-300x225.jpeg 300w, https:\/\/vrnjackabanja.co.rs\/wp-content\/uploads\/2022\/07\/IMG_7239-768x576.jpeg 768w, https:\/\/vrnjackabanja.co.rs\/wp-content\/uploads\/2022\/07\/IMG_7239-1536x1152.jpeg 1536w, https:\/\/vrnjackabanja.co.rs\/wp-content\/uploads\/2022\/07\/IMG_7239-2048x1536.jpeg 2048w\" sizes=\"auto, (max-width: 1024px) 100vw, 1024px\" \/><\/figure>\n\n\n\n<p>Wanderweg bis zum Gipfel Krst (Kreuz), geeignet f\u00fcr Spazierg\u00e4nge f\u00fcr Sportler und Erholungssuchende sowie ganze Familien.<\/p>\n\n\n\n<hr class=\"wp-block-separator has-alpha-channel-opacity\"\/>\n\n\n\n<h2 class=\"wp-block-heading\"><strong>2. Zentrum vom Berg Go\u010d \u2013 See Seli\u0161te \u2013 L\u00e4nge: 6.28 km<\/strong><\/h2>\n\n\n\n<p>H\u00f6hengewinn (elevation gaim): 147.0 m<\/p>\n\n\n\n<p>Ben\u00f6tigte Zeit f\u00fcr die Wanderung (ungef\u00e4hr f\u00fcr Erholungssuchende): 1Stunde 30 Minuten -2 Stunden<\/p>\n\n\n\n<p>Rundwanderweg zum See Seli\u0161te auf Go\u010d, geeignet f\u00fcr Spazierg\u00e4nge f\u00fcr Sportler und Erholungssuchende sowie f\u00fcr ganze Familien<\/p>\n\n\n\n<p>3. See Seli\u0161te Mala \u2013 L\u00e4nge: 2.35 km<\/p>\n\n\n\n<p>H\u00f6hengewinn (elevation gain): 70.0 m<\/p>\n\n\n\n<p>Ben\u00f6tigte Zeit f\u00fcr die Wanderung (ungef\u00e4hr f\u00fcr Erholungssuchende): 45 Minuten -1 Stunde<\/p>\n\n\n\n<figure class=\"wp-block-image size-large\"><img loading=\"lazy\" decoding=\"async\" width=\"1024\" height=\"768\" src=\"http:\/\/vrnjackabanja.co.rs\/wp-content\/uploads\/2022\/07\/gfyu-1024x768.jpg\" alt=\"\" class=\"wp-image-7039\" srcset=\"https:\/\/vrnjackabanja.co.rs\/wp-content\/uploads\/2022\/07\/gfyu-1024x768.jpg 1024w, https:\/\/vrnjackabanja.co.rs\/wp-content\/uploads\/2022\/07\/gfyu-300x225.jpg 300w, https:\/\/vrnjackabanja.co.rs\/wp-content\/uploads\/2022\/07\/gfyu-768x576.jpg 768w, https:\/\/vrnjackabanja.co.rs\/wp-content\/uploads\/2022\/07\/gfyu.jpg 1080w\" sizes=\"auto, (max-width: 1024px) 100vw, 1024px\" \/><\/figure>\n\n\n\n<p>Wanderweg Jezero MALA, Rundweg um den See Seli\u0161te, ideal f\u00fcr einen Familienspaziergang oder einen Spaziergang f\u00fcr Erholungssuchende, die den See aus allen Blickwinkeln sehen und fotografieren m\u00f6chten.<\/p>\n\n\n\n<hr class=\"wp-block-separator has-alpha-channel-opacity\"\/>\n\n\n\n<h2 class=\"wp-block-heading\"><strong>4. Jezero Seli\u0161te Velika \u2013 L\u00e4nge: 5.15 km<\/strong><\/h2>\n\n\n\n<p>H\u00f6hengewinn (elevation gain): 142.6 m<\/p>\n\n\n\n<p>Ben\u00f6tigte Zeit f\u00fcr die Wanderung (ungef\u00e4hr f\u00fcr Erholungssuchende): 1h-1h30min<\/p>\n\n\n\n<figure class=\"wp-block-image size-large\"><img loading=\"lazy\" decoding=\"async\" width=\"1024\" height=\"768\" src=\"http:\/\/vrnjackabanja.co.rs\/wp-content\/uploads\/2022\/07\/IMG_7160-1024x768.jpeg\" alt=\"\" class=\"wp-image-7021\" srcset=\"https:\/\/vrnjackabanja.co.rs\/wp-content\/uploads\/2022\/07\/IMG_7160-1024x768.jpeg 1024w, https:\/\/vrnjackabanja.co.rs\/wp-content\/uploads\/2022\/07\/IMG_7160-300x225.jpeg 300w, https:\/\/vrnjackabanja.co.rs\/wp-content\/uploads\/2022\/07\/IMG_7160-768x576.jpeg 768w, https:\/\/vrnjackabanja.co.rs\/wp-content\/uploads\/2022\/07\/IMG_7160-1536x1152.jpeg 1536w, https:\/\/vrnjackabanja.co.rs\/wp-content\/uploads\/2022\/07\/IMG_7160-2048x1536.jpeg 2048w\" sizes=\"auto, (max-width: 1024px) 100vw, 1024px\" \/><\/figure>\n\n\n\n<p>Wanderweg und Rundweg um den See <a>Seli\u0161te<\/a>, ideal f\u00fcr Bergwandern f\u00fcr etwas mehr vorbereitete und erfahrene Sportler und Erholungssuchende. Der Wanderweg f\u00fchrt entlang des Sees Seli\u0161te, aber auch durch die wundersch\u00f6ne, waldreiche Umgebung des Berges Go\u010d.<\/p>\n\n\n\n<hr class=\"wp-block-separator has-alpha-channel-opacity\"\/>\n\n\n\n<h2 class=\"wp-block-heading\"><strong>Gipfel Lisa\u010da &#8211; L\u00e4nge: 2.41 km<\/strong><\/h2>\n\n\n\n<p> <p>H\u00f6hengewinn (elevation gain): 108.9 m<\/p>Ben\u00f6tigte Zeit f\u00fcr die Wanderung (ungef\u00e4hr f\u00fcr Erholungssuchende): 45 Minute <\/p>\n\n\n\n<figure class=\"wp-block-image size-large\"><img loading=\"lazy\" decoding=\"async\" width=\"1024\" height=\"768\" src=\"http:\/\/vrnjackabanja.co.rs\/wp-content\/uploads\/2022\/07\/IMG_20220710_092553_1-1024x768.jpg\" alt=\"\" class=\"wp-image-7058\" srcset=\"https:\/\/vrnjackabanja.co.rs\/wp-content\/uploads\/2022\/07\/IMG_20220710_092553_1-1024x768.jpg 1024w, https:\/\/vrnjackabanja.co.rs\/wp-content\/uploads\/2022\/07\/IMG_20220710_092553_1-300x225.jpg 300w, https:\/\/vrnjackabanja.co.rs\/wp-content\/uploads\/2022\/07\/IMG_20220710_092553_1-768x576.jpg 768w, https:\/\/vrnjackabanja.co.rs\/wp-content\/uploads\/2022\/07\/IMG_20220710_092553_1-1536x1152.jpg 1536w, https:\/\/vrnjackabanja.co.rs\/wp-content\/uploads\/2022\/07\/IMG_20220710_092553_1-2048x1536.jpg 2048w\" sizes=\"auto, (max-width: 1024px) 100vw, 1024px\" \/><\/figure>\n\n\n\n<hr class=\"wp-block-separator has-alpha-channel-opacity\"\/>\n\n\n\n<h2 class=\"wp-block-heading\"><strong> Bergspitze Ljutken<\/strong> <strong>&#8211; L\u00e4nge: 3.69 km<\/strong><\/h2>\n\n\n\n<p><\/p>\n\n\n\n<figure class=\"wp-block-image size-large\"><img loading=\"lazy\" decoding=\"async\" width=\"1024\" height=\"768\" src=\"http:\/\/vrnjackabanja.co.rs\/wp-content\/uploads\/2022\/07\/IMG_20220710_113713_1-1024x768.jpg\" alt=\"\" class=\"wp-image-7066\" srcset=\"https:\/\/vrnjackabanja.co.rs\/wp-content\/uploads\/2022\/07\/IMG_20220710_113713_1-1024x768.jpg 1024w, https:\/\/vrnjackabanja.co.rs\/wp-content\/uploads\/2022\/07\/IMG_20220710_113713_1-300x225.jpg 300w, https:\/\/vrnjackabanja.co.rs\/wp-content\/uploads\/2022\/07\/IMG_20220710_113713_1-768x576.jpg 768w, https:\/\/vrnjackabanja.co.rs\/wp-content\/uploads\/2022\/07\/IMG_20220710_113713_1-1536x1152.jpg 1536w, https:\/\/vrnjackabanja.co.rs\/wp-content\/uploads\/2022\/07\/IMG_20220710_113713_1-2048x1536.jpg 2048w\" sizes=\"auto, (max-width: 1024px) 100vw, 1024px\" \/><\/figure>\n\n\n\n<p><p>H\u00f6hengewinn (elevation gain): 174.5 m<\/p>Ben\u00f6tigte Zeit f\u00fcr die Wanderung (ungef\u00e4hr f\u00fcr Erholungssuchende): 1 Stunde 45 Minute <\/p>\n\n\n\n<figure class=\"wp-block-image size-large\"><img loading=\"lazy\" decoding=\"async\" width=\"1024\" height=\"768\" src=\"http:\/\/vrnjackabanja.co.rs\/wp-content\/uploads\/2022\/07\/IMG_20220710_145846-1024x768.jpg\" alt=\"\" class=\"wp-image-7062\" srcset=\"https:\/\/vrnjackabanja.co.rs\/wp-content\/uploads\/2022\/07\/IMG_20220710_145846-1024x768.jpg 1024w, https:\/\/vrnjackabanja.co.rs\/wp-content\/uploads\/2022\/07\/IMG_20220710_145846-300x225.jpg 300w, https:\/\/vrnjackabanja.co.rs\/wp-content\/uploads\/2022\/07\/IMG_20220710_145846-768x576.jpg 768w, https:\/\/vrnjackabanja.co.rs\/wp-content\/uploads\/2022\/07\/IMG_20220710_145846-1536x1152.jpg 1536w, https:\/\/vrnjackabanja.co.rs\/wp-content\/uploads\/2022\/07\/IMG_20220710_145846-2048x1536.jpg 2048w\" sizes=\"auto, (max-width: 1024px) 100vw, 1024px\" \/><\/figure>\n\n\n\n<figure class=\"wp-block-image size-large\"><img loading=\"lazy\" decoding=\"async\" width=\"1024\" height=\"652\" src=\"http:\/\/vrnjackabanja.co.rs\/wp-content\/uploads\/2022\/04\/Mapa-Goc-1024x652.jpg\" alt=\"\" class=\"wp-image-2891\" srcset=\"https:\/\/vrnjackabanja.co.rs\/wp-content\/uploads\/2022\/04\/Mapa-Goc-1024x652.jpg 1024w, https:\/\/vrnjackabanja.co.rs\/wp-content\/uploads\/2022\/04\/Mapa-Goc-300x191.jpg 300w, https:\/\/vrnjackabanja.co.rs\/wp-content\/uploads\/2022\/04\/Mapa-Goc-768x489.jpg 768w, https:\/\/vrnjackabanja.co.rs\/wp-content\/uploads\/2022\/04\/Mapa-Goc-1536x978.jpg 1536w, https:\/\/vrnjackabanja.co.rs\/wp-content\/uploads\/2022\/04\/Mapa-Goc-2048x1304.jpg 2048w\" sizes=\"auto, (max-width: 1024px) 100vw, 1024px\" \/><\/figure>\n","protected":false},"excerpt":{"rendered":"<p>Auf dem Berg Go\u010d sind 30 Wanderwege ausgeschildert. Naturliebhaber haben die M\u00f6glichkeit, Go\u010d auf eine neue und noch einfachere Weise zu erleben. 1. Gipfel Krst (Kreuz) &#8211; L\u00e4nge: 1.35 km [&hellip;]<\/p>\n","protected":false},"author":1,"featured_media":7029,"parent":0,"menu_order":0,"comment_status":"closed","ping_status":"closed","template":"","meta":{"_acf_changed":false,"footnotes":""},"class_list":["post-3285","page","type-page","status-publish","has-post-thumbnail","hentry"],"acf":[],"_links":{"self":[{"href":"https:\/\/vrnjackabanja.co.rs\/de\/wp-json\/wp\/v2\/pages\/3285","targetHints":{"allow":["GET"]}}],"collection":[{"href":"https:\/\/vrnjackabanja.co.rs\/de\/wp-json\/wp\/v2\/pages"}],"about":[{"href":"https:\/\/vrnjackabanja.co.rs\/de\/wp-json\/wp\/v2\/types\/page"}],"author":[{"embeddable":true,"href":"https:\/\/vrnjackabanja.co.rs\/de\/wp-json\/wp\/v2\/users\/1"}],"replies":[{"embeddable":true,"href":"https:\/\/vrnjackabanja.co.rs\/de\/wp-json\/wp\/v2\/comments?post=3285"}],"version-history":[{"count":5,"href":"https:\/\/vrnjackabanja.co.rs\/de\/wp-json\/wp\/v2\/pages\/3285\/revisions"}],"predecessor-version":[{"id":7273,"href":"https:\/\/vrnjackabanja.co.rs\/de\/wp-json\/wp\/v2\/pages\/3285\/revisions\/7273"}],"wp:featuredmedia":[{"embeddable":true,"href":"https:\/\/vrnjackabanja.co.rs\/de\/wp-json\/wp\/v2\/media\/7029"}],"wp:attachment":[{"href":"https:\/\/vrnjackabanja.co.rs\/de\/wp-json\/wp\/v2\/media?parent=3285"}],"curies":[{"name":"wp","href":"https:\/\/api.w.org\/{rel}","templated":true}]}}