{"id":3273,"date":"2022-04-13T08:45:04","date_gmt":"2022-04-13T06:45:04","guid":{"rendered":"http:\/\/vrnjackabanja.co.rs\/kedar-selo-goc\/"},"modified":"2022-06-09T13:27:59","modified_gmt":"2022-06-09T11:27:59","slug":"kedar-dorf-goc","status":"publish","type":"page","link":"https:\/\/vrnjackabanja.co.rs\/de\/kedar-dorf-goc\/","title":{"rendered":"Kedar Dorf Go\u010d"},"content":{"rendered":"\n<p><\/p>\n\n\n\n<p>Auf einer H\u00f6he von 1000Meter ist Go\u010d reich an Kieferw\u00e4ldern und die Luft ist unglaublich. Die kleinen H\u00e4user sind im modernen Stil gebaut. Sowohl Au\u00dfen als auch Innen sind die kleinen H\u00e4user mit einem modernen Touch gebaut und alles ist aus vollem Holz gemacht. Das Zedernholz ist f\u00fcr seine zahlreiche gesundheitsf\u00f6rdernde Eigenschaften bekannt und der Aufenthalt von einigen Tagen in diesem Ambiente tr\u00e4gt der Besserung des gesundheitlichen Zustands bei, aber auch der Verbesserung der Immunit\u00e4t von gesunden Menschen. Die Frische, die Zedernholz ausstrahlt, wird Sie schnell in einen weit entfernten stillen Wald, ohne L\u00e4rm, ohne Stra\u00dfenl\u00e4rm der St\u00e4dte und auch ohne Alltagsstress bringen.<\/p>\n\n\n\n<p><strong>DIE UNTERKUNFT, DIE MAN NICHT VERGISST<\/strong><\/p>\n\n\n\n<p>Erlauben Sie sich selbst, sich eins mit der Natur zu f\u00fchlen. Der Duft der Nadelh\u00f6lzer ist in dem H\u00e4uschen reichlich vorhanden. Die M\u00f6bel sind auch aus Holz, und das alles vervollst\u00e4ndigt das Bergerlebnis. Die perfekt bequemen Betten, die saubere wei\u00dfe Bettw\u00e4sche und Handt\u00fccher stehen Ihnen f\u00fcr Ihren Traumurlaub zur Verf\u00fcgung.&nbsp;<\/p>\n\n\n\n<p><\/p>\n\n\n\n<figure class=\"wp-block-gallery has-nested-images columns-2 is-cropped wp-block-gallery-1 is-layout-flex wp-block-gallery-is-layout-flex\">\n<figure class=\"wp-block-image size-large\"><img loading=\"lazy\" decoding=\"async\" width=\"1024\" height=\"682\" data-id=\"2699\" src=\"http:\/\/vrnjackabanja.co.rs\/wp-content\/uploads\/2022\/04\/DSC_0614-1024x682.jpg\" alt=\"\" class=\"wp-image-2699\" srcset=\"https:\/\/vrnjackabanja.co.rs\/wp-content\/uploads\/2022\/04\/DSC_0614-1024x682.jpg 1024w, https:\/\/vrnjackabanja.co.rs\/wp-content\/uploads\/2022\/04\/DSC_0614-300x200.jpg 300w, https:\/\/vrnjackabanja.co.rs\/wp-content\/uploads\/2022\/04\/DSC_0614-768x512.jpg 768w, https:\/\/vrnjackabanja.co.rs\/wp-content\/uploads\/2022\/04\/DSC_0614.jpg 1280w\" sizes=\"auto, (max-width: 1024px) 100vw, 1024px\" \/><\/figure>\n\n\n\n<figure class=\"wp-block-image size-large\"><img loading=\"lazy\" decoding=\"async\" width=\"1024\" height=\"682\" data-id=\"2700\" src=\"http:\/\/vrnjackabanja.co.rs\/wp-content\/uploads\/2022\/04\/DSC_0662-1024x682.jpg\" alt=\"\" class=\"wp-image-2700\" srcset=\"https:\/\/vrnjackabanja.co.rs\/wp-content\/uploads\/2022\/04\/DSC_0662-1024x682.jpg 1024w, https:\/\/vrnjackabanja.co.rs\/wp-content\/uploads\/2022\/04\/DSC_0662-300x200.jpg 300w, https:\/\/vrnjackabanja.co.rs\/wp-content\/uploads\/2022\/04\/DSC_0662-768x512.jpg 768w, https:\/\/vrnjackabanja.co.rs\/wp-content\/uploads\/2022\/04\/DSC_0662.jpg 1280w\" sizes=\"auto, (max-width: 1024px) 100vw, 1024px\" \/><\/figure>\n\n\n\n<figure class=\"wp-block-image size-large\"><img loading=\"lazy\" decoding=\"async\" width=\"1024\" height=\"682\" data-id=\"2701\" src=\"http:\/\/vrnjackabanja.co.rs\/wp-content\/uploads\/2022\/04\/DSC_0762-1024x682.jpg\" alt=\"\" class=\"wp-image-2701\" srcset=\"https:\/\/vrnjackabanja.co.rs\/wp-content\/uploads\/2022\/04\/DSC_0762-1024x682.jpg 1024w, https:\/\/vrnjackabanja.co.rs\/wp-content\/uploads\/2022\/04\/DSC_0762-300x200.jpg 300w, https:\/\/vrnjackabanja.co.rs\/wp-content\/uploads\/2022\/04\/DSC_0762-768x512.jpg 768w, https:\/\/vrnjackabanja.co.rs\/wp-content\/uploads\/2022\/04\/DSC_0762.jpg 1280w\" sizes=\"auto, (max-width: 1024px) 100vw, 1024px\" \/><\/figure>\n\n\n\n<figure class=\"wp-block-image size-large\"><img loading=\"lazy\" decoding=\"async\" width=\"1024\" height=\"682\" data-id=\"2702\" src=\"http:\/\/vrnjackabanja.co.rs\/wp-content\/uploads\/2022\/04\/DSC_0777-1024x682.jpg\" alt=\"\" class=\"wp-image-2702\" srcset=\"https:\/\/vrnjackabanja.co.rs\/wp-content\/uploads\/2022\/04\/DSC_0777-1024x682.jpg 1024w, https:\/\/vrnjackabanja.co.rs\/wp-content\/uploads\/2022\/04\/DSC_0777-300x200.jpg 300w, https:\/\/vrnjackabanja.co.rs\/wp-content\/uploads\/2022\/04\/DSC_0777-768x512.jpg 768w, https:\/\/vrnjackabanja.co.rs\/wp-content\/uploads\/2022\/04\/DSC_0777.jpg 1280w\" sizes=\"auto, (max-width: 1024px) 100vw, 1024px\" \/><\/figure>\n\n\n\n<figure class=\"wp-block-image size-large\"><img loading=\"lazy\" decoding=\"async\" width=\"1024\" height=\"683\" data-id=\"2703\" src=\"http:\/\/vrnjackabanja.co.rs\/wp-content\/uploads\/2022\/04\/DSC_1140-1-1024x683.jpg\" alt=\"\" class=\"wp-image-2703\" srcset=\"https:\/\/vrnjackabanja.co.rs\/wp-content\/uploads\/2022\/04\/DSC_1140-1-1024x683.jpg 1024w, https:\/\/vrnjackabanja.co.rs\/wp-content\/uploads\/2022\/04\/DSC_1140-1-300x200.jpg 300w, https:\/\/vrnjackabanja.co.rs\/wp-content\/uploads\/2022\/04\/DSC_1140-1-768x512.jpg 768w, https:\/\/vrnjackabanja.co.rs\/wp-content\/uploads\/2022\/04\/DSC_1140-1-1536x1024.jpg 1536w, https:\/\/vrnjackabanja.co.rs\/wp-content\/uploads\/2022\/04\/DSC_1140-1.jpg 1920w\" sizes=\"auto, (max-width: 1024px) 100vw, 1024px\" \/><\/figure>\n<\/figure>\n\n\n\n<p><\/p>\n\n\n\n<p><strong>SPA RELAX F\u00dcR K\u00d6RPER UND SEELE<\/strong><\/p>\n\n\n\n<p>Sauna und warme Badewanne aus Zedernholz im nat\u00fcrlichen Ambiente wird Ihre Sinne entspannen und Sie v\u00f6llig erholen. Reservieren Sie Ihr Termin in der Spa \u2013 Ecke und seien Sie v\u00f6llig allein!<\/p>\n\n\n\n<p><\/p>\n\n\n\n<figure class=\"wp-block-image size-large\"><img loading=\"lazy\" decoding=\"async\" width=\"1024\" height=\"683\" src=\"http:\/\/vrnjackabanja.co.rs\/wp-content\/uploads\/2022\/04\/DSC_1058-1024x683.jpg\" alt=\"\" class=\"wp-image-2704\" srcset=\"https:\/\/vrnjackabanja.co.rs\/wp-content\/uploads\/2022\/04\/DSC_1058-1024x683.jpg 1024w, https:\/\/vrnjackabanja.co.rs\/wp-content\/uploads\/2022\/04\/DSC_1058-300x200.jpg 300w, https:\/\/vrnjackabanja.co.rs\/wp-content\/uploads\/2022\/04\/DSC_1058-768x512.jpg 768w, https:\/\/vrnjackabanja.co.rs\/wp-content\/uploads\/2022\/04\/DSC_1058-1536x1024.jpg 1536w, https:\/\/vrnjackabanja.co.rs\/wp-content\/uploads\/2022\/04\/DSC_1058.jpg 1920w\" sizes=\"auto, (max-width: 1024px) 100vw, 1024px\" \/><\/figure>\n\n\n\n<p><strong>ECO &#8211;&nbsp; RESTAURANT ALTAI<\/strong><\/p>\n\n\n\n<p>Das Bergrestaurant tr\u00e4gt den Namen Altai (AL \u2013 Gold, Tai \u2013 Berg) was \u00fcbersetzt goldener Berg bedeutet, was Go\u010d auch ist. Das Altai \u2013 Gebirge ist ein Gebirge in Sibirien, woher die Zedar auch stammt. Hausgemache Spezialit\u00e4ten nach lokalen Rezepten und ein angenehmes Ambiente f\u00fcr ein maximales Genie\u00dfen in den Bergen<strong>.<\/strong><\/p>\n\n\n\n<p><\/p>\n\n\n\n<figure class=\"wp-block-image size-full\"><img loading=\"lazy\" decoding=\"async\" width=\"1024\" height=\"685\" src=\"http:\/\/vrnjackabanja.co.rs\/wp-content\/uploads\/2022\/04\/restoran-4-1536x1028-1-1024x685-1.jpg\" alt=\"\" class=\"wp-image-2706\" srcset=\"https:\/\/vrnjackabanja.co.rs\/wp-content\/uploads\/2022\/04\/restoran-4-1536x1028-1-1024x685-1.jpg 1024w, https:\/\/vrnjackabanja.co.rs\/wp-content\/uploads\/2022\/04\/restoran-4-1536x1028-1-1024x685-1-300x201.jpg 300w, https:\/\/vrnjackabanja.co.rs\/wp-content\/uploads\/2022\/04\/restoran-4-1536x1028-1-1024x685-1-768x514.jpg 768w\" sizes=\"auto, (max-width: 1024px) 100vw, 1024px\" \/><\/figure>\n\n\n\n<p><\/p>\n\n\n\n<p><strong>UNTERHALTUNG F\u00dcR DIE KLEINSTEN<\/strong><\/p>\n\n\n\n<p>Die Kinder werden den Spielraum auf den ersten Blick lieben. Das alles in einer gesunden Umgebung und der Klang der Natur. Genie\u00dfen Sie die Natur w\u00e4rend ihre Kinder sicher spielen!<\/p>\n\n\n\n<figure class=\"wp-block-image size-large\"><img loading=\"lazy\" decoding=\"async\" width=\"1024\" height=\"682\" src=\"http:\/\/vrnjackabanja.co.rs\/wp-content\/uploads\/2022\/04\/DSC_0809-1-1024x682.jpg\" alt=\"\" class=\"wp-image-2705\" srcset=\"https:\/\/vrnjackabanja.co.rs\/wp-content\/uploads\/2022\/04\/DSC_0809-1-1024x682.jpg 1024w, https:\/\/vrnjackabanja.co.rs\/wp-content\/uploads\/2022\/04\/DSC_0809-1-300x200.jpg 300w, https:\/\/vrnjackabanja.co.rs\/wp-content\/uploads\/2022\/04\/DSC_0809-1-768x512.jpg 768w, https:\/\/vrnjackabanja.co.rs\/wp-content\/uploads\/2022\/04\/DSC_0809-1.jpg 1340w\" sizes=\"auto, (max-width: 1024px) 100vw, 1024px\" \/><\/figure>\n\n\n\n<p><\/p>\n\n\n\n<p><strong>POOLS<\/strong><\/p>\n\n\n\n<p>Seit Juli 2021 sind auch zwei Pools ein Teil unseres Angebotes. Der gr\u00f6\u00dfere Pool hat folgende Dimensionen 10 x 5 x 1.4 m und der kleine sogenannte Plunge Pool 4 x3 x 0.6 m. Die Besonderheit des gro\u00dfen Pools ist, dass das Wasser in ihm salzig ist, was eine besondere Attraktion f\u00fcr alle G\u00e4ste ist. Der Panoramablick auf den Berggipfel und den Kieferwald wird Sie entspannen und Ihnen einen angenehmen Begurlaub erm\u00f6glichen.<\/p>\n\n\n\n<p><\/p>\n\n\n\n<figure class=\"wp-block-image\"><img decoding=\"async\" src=\"http:\/\/vb.vlandroid.opalstacked.com\/wp-content\/uploads\/2022\/04\/Bazen-1024x680.png\" alt=\"\" class=\"wp-image-2881\"\/><\/figure>\n\n\n\n<figure class=\"wp-block-embed is-type-wp-embed is-provider-embed wp-block-embed-embed\"><div class=\"wp-block-embed__wrapper\">\n<blockquote class=\"wp-embedded-content\" data-secret=\"d4vtRAvlu6\"><a href=\"https:\/\/kedarselo.rs\/\">Po\u010detna<\/a><\/blockquote><iframe loading=\"lazy\" class=\"wp-embedded-content\" sandbox=\"allow-scripts\" security=\"restricted\" style=\"position: absolute; clip: rect(1px, 1px, 1px, 1px);\" title=\"&#8220;Po\u010detna&#8221; &#8212; Kedar selo Goc\" src=\"https:\/\/kedarselo.rs\/embed\/#?secret=d4vtRAvlu6\" data-secret=\"d4vtRAvlu6\" width=\"500\" height=\"282\" frameborder=\"0\" marginwidth=\"0\" marginheight=\"0\" scrolling=\"no\"><\/iframe>\n<\/div><\/figure>\n","protected":false},"excerpt":{"rendered":"<p>Auf einer H\u00f6he von 1000Meter ist Go\u010d reich an Kieferw\u00e4ldern und die Luft ist unglaublich. Die kleinen H\u00e4user sind im modernen Stil gebaut. Sowohl Au\u00dfen als auch Innen sind die [&hellip;]<\/p>\n","protected":false},"author":2,"featured_media":3275,"parent":0,"menu_order":0,"comment_status":"closed","ping_status":"closed","template":"","meta":{"_acf_changed":false,"footnotes":""},"class_list":["post-3273","page","type-page","status-publish","has-post-thumbnail","hentry"],"acf":[],"_links":{"self":[{"href":"https:\/\/vrnjackabanja.co.rs\/de\/wp-json\/wp\/v2\/pages\/3273","targetHints":{"allow":["GET"]}}],"collection":[{"href":"https:\/\/vrnjackabanja.co.rs\/de\/wp-json\/wp\/v2\/pages"}],"about":[{"href":"https:\/\/vrnjackabanja.co.rs\/de\/wp-json\/wp\/v2\/types\/page"}],"author":[{"embeddable":true,"href":"https:\/\/vrnjackabanja.co.rs\/de\/wp-json\/wp\/v2\/users\/2"}],"replies":[{"embeddable":true,"href":"https:\/\/vrnjackabanja.co.rs\/de\/wp-json\/wp\/v2\/comments?post=3273"}],"version-history":[{"count":5,"href":"https:\/\/vrnjackabanja.co.rs\/de\/wp-json\/wp\/v2\/pages\/3273\/revisions"}],"predecessor-version":[{"id":4781,"href":"https:\/\/vrnjackabanja.co.rs\/de\/wp-json\/wp\/v2\/pages\/3273\/revisions\/4781"}],"wp:featuredmedia":[{"embeddable":true,"href":"https:\/\/vrnjackabanja.co.rs\/de\/wp-json\/wp\/v2\/media\/3275"}],"wp:attachment":[{"href":"https:\/\/vrnjackabanja.co.rs\/de\/wp-json\/wp\/v2\/media?parent=3273"}],"curies":[{"name":"wp","href":"https:\/\/api.w.org\/{rel}","templated":true}]}}